{"id":235,"date":"2024-03-13T09:33:38","date_gmt":"2024-03-13T08:33:38","guid":{"rendered":"https:\/\/sylvainjuzan.lu\/recompenses\/"},"modified":"2025-12-19T16:52:24","modified_gmt":"2025-12-19T15:52:24","slug":"awards","status":"publish","type":"page","link":"https:\/\/sylvainjuzan.lu\/en\/awards\/","title":{"rendered":"Awards"},"content":{"rendered":"<div class=\"wpb-content-wrapper\"><p>[vc_section full_width=&#8221;stretch_row&#8221; el_id=&#8221;intro-heading-title&#8221; css=&#8221;.vc_custom_1710234816852{background-color: #f8f8f8 !important;}&#8221;][vc_row][vc_column][vc_column_text]<\/p>\n<h1 class=\"al-center upper black\">Luxembourg magician Sylvain Juzan wins magic awards worldwide<\/h1>\n<hr class=\"sub-hr colored\" \/>\n<p>[\/vc_column_text][\/vc_column][\/vc_row][\/vc_section][vc_section][vc_row][vc_column][vc_column_text]<\/p>\n<h2 class=\"al-center colored\">Winner of the Fool Us Trophy on Penn &amp; Teller: Fool Us<\/h2>\n<hr class=\"white-hr\" \/>\n<p>[\/vc_column_text][\/vc_column][\/vc_row][vc_row][vc_column][vc_column_text]Penn &amp; Teller: Fool Us is a TV show where magicians from all over the world perform a routine in front of the legendary duo Penn and Teller. If Penn and Teller manage to figure out the secret behind the routine, the magician leaves without a prize; but if they can\u2019t, the performer earns the prestigious title of \u201cFooler\u201d\u2026 which I won in 2025![\/vc_column_text][\/vc_column][\/vc_row][vc_row][vc_column width=&#8221;1\/2&#8243;][vc_single_image image=&#8221;1306&#8243; img_size=&#8221;full&#8221; alignment=&#8221;center&#8221; css=&#8221;.vc_custom_1766159542321{margin-bottom: 0px !important;}&#8221;][\/vc_column][vc_column width=&#8221;1\/2&#8243;][vc_single_image image=&#8221;1296&#8243; img_size=&#8221;full&#8221; alignment=&#8221;center&#8221; css=&#8221;.vc_custom_1766159067042{margin-bottom: 0px !important;}&#8221;][\/vc_column][\/vc_row][\/vc_section][vc_section][vc_row][vc_column][vc_column_text]<\/p>\n<h2 class=\"al-center colored\">2nd prize close up category at the 2018 Daytona Beach Festival of Magic (USA)<\/h2>\n<hr class=\"white-hr\" \/>\n<p>[\/vc_column_text][\/vc_column][\/vc_row][vc_row][vc_column][vc_column_text]We only had eight minutes to fool three judges who would evaluate us on five criteria, including technicall skills, global entertainment value and originality. Each of these judges gave us a note on 50 points and these notes were added to get a total on 150 points. Everything was filmed and recorded live so that the entire audience could enjoy the shows. [\/vc_column_text][\/vc_column][\/vc_row][vc_row][vc_column width=&#8221;1\/2&#8243;][vc_single_image image=&#8221;144&#8243; img_size=&#8221;full&#8221; alignment=&#8221;center&#8221; css=&#8221;.vc_custom_1710318523258{margin-bottom: 0px !important;}&#8221;][\/vc_column][vc_column width=&#8221;1\/2&#8243;][vc_single_image image=&#8221;136&#8243; img_size=&#8221;full&#8221; alignment=&#8221;center&#8221; css=&#8221;.vc_custom_1710318544975{margin-bottom: 0px !important;}&#8221;][\/vc_column][\/vc_row][\/vc_section][vc_section][vc_row][vc_column][vc_column_text]<\/p>\n<h2 class=\"al-center colored\">2nd prize close up category at the 2015 OlyBet Magic Mania (Riga, Latvia)<\/h2>\n<hr class=\"white-hr\" \/>\n<p>[\/vc_column_text][\/vc_column][\/vc_row][vc_row][vc_column][vc_column_text]Compared to my award at the Belgian Championships (see under), the jury was made of international well-known magicians but also laymen. Competitors were in front of a live audience, TV monitors displaying the acts. So the objectives were to be both fooling and entertaining.[\/vc_column_text][\/vc_column][\/vc_row][vc_row][vc_column][vc_single_image image=&#8221;138&#8243; img_size=&#8221;full&#8221; alignment=&#8221;center&#8221; css=&#8221;.vc_custom_1710318607955{margin-bottom: 0px !important;}&#8221;][vc_column_text el_class=&#8221;al-center&#8221;]The Spy who loved my Magic, and gave me my award ![\/vc_column_text][\/vc_column][\/vc_row][vc_row][vc_column width=&#8221;1\/2&#8243;][vc_single_image image=&#8221;140&#8243; img_size=&#8221;full&#8221; alignment=&#8221;center&#8221; css=&#8221;.vc_custom_1710318648977{margin-bottom: 0px !important;}&#8221;][\/vc_column][vc_column width=&#8221;1\/2&#8243;][vc_single_image image=&#8221;142&#8243; img_size=&#8221;full&#8221; alignment=&#8221;center&#8221; css=&#8221;.vc_custom_1710318661937{margin-bottom: 0px !important;}&#8221;][\/vc_column][\/vc_row][\/vc_section][vc_section][vc_row][vc_column][vc_column_text]<\/p>\n<h2 class=\"al-center colored\">3rd prize close up category at the 2011 Belgium Magic Championships (Brussels, Belgium)<\/h2>\n<hr class=\"white-hr\" \/>\n<p>[\/vc_column_text][\/vc_column][\/vc_row][vc_row][vc_column][vc_column_text]This competition was judegd according to the <strong class=\"colored\">FISM criterias <\/strong>F\u00e9d\u00e9ration Internationale des Soci\u00e9t\u00e9s Magiques, the global Federation that supervises all national federations): originality, presentation, commercial aspect and technical skills.[\/vc_column_text][vc_column_text]<strong class=\"colored\">The judges: <\/strong><\/p>\n<ul>\n<li>Peter Din, president of the F\u00e9d\u00e9ration Fran\u00e7aise des Artistes Prestidigitateurs (Fr),<\/li>\n<li>Patrick Hourdequin, director of the Monaco Princess Grace Theater (Mo),<\/li>\n<li>Domenico Dante, FISM vice-president (It),<\/li>\n<li>Walter Rolfo, Italian TV star and organizer of the Masters of Magic (It),<\/li>\n<li>Gerrit Brengman, FISM vice-president (Be),<\/li>\n<li>Thierry Schanen, president of the French Team of Magic (Fr),<\/li>\n<li>G\u00e9rald Mainart, president of the Magica Nice and organizer of the famous Colombe d\u2019Or (Fr),<\/li>\n<li>Jo Maldera, director of L\u2019Actu des Arts Magiques (Fr).<\/li>\n<\/ul>\n<p>[\/vc_column_text][vc_column_text]The way candidates are given awards is not only related to their relative performance but also to a <strong class=\"colored\">strict notation system <\/strong>based on a specific number of points. Hence for this close-up competition nobody was given the second prize (but the first prize was awarded).[\/vc_column_text][\/vc_column][\/vc_row][\/vc_section]<\/p>\n<\/div>","protected":false},"excerpt":{"rendered":"<p>[vc_section full_width=&#8221;stretch_row&#8221; el_id=&#8221;intro-heading-title&#8221; css=&#8221;.vc_custom_1710234816852{background-color: #f8f8f8 !important;}&#8221;][vc_row][vc_column][vc_column_text] Luxembourg magician Sylvain Juzan wins magic awards worldwide [\/vc_column_text][\/vc_column][\/vc_row][\/vc_section][vc_section][vc_row][vc_column][vc_column_text] Winner of the Fool Us Trophy on Penn &amp; Teller: Fool<span class=\"excerpt-hellip\"> [\u2026]<\/span><\/p>\n","protected":false},"author":1,"featured_media":0,"parent":0,"menu_order":0,"comment_status":"closed","ping_status":"closed","template":"","meta":{"footnotes":""},"class_list":["post-235","page","type-page","status-publish","hentry"],"yoast_head":"<!-- This site is optimized with the Yoast SEO plugin v22.2 - https:\/\/yoast.com\/wordpress\/plugins\/seo\/ -->\n<title>Luxembourg magician Sylvain Juzan wins magic awards worldwide<\/title>\n<meta name=\"description\" content=\"Although I work mainly in Luxembourg, my magic acts were awarded prizes in various close-up competitions in France, Belgium and Latvia\" \/>\n<meta name=\"robots\" content=\"index, follow, max-snippet:-1, max-image-preview:large, max-video-preview:-1\" \/>\n<link rel=\"canonical\" href=\"https:\/\/sylvainjuzan.lu\/en\/awards\/\" \/>\n<meta property=\"og:locale\" content=\"en_US\" \/>\n<meta property=\"og:type\" content=\"article\" \/>\n<meta property=\"og:title\" content=\"Luxembourg magician Sylvain Juzan wins magic awards worldwide\" \/>\n<meta property=\"og:description\" content=\"Although I work mainly in Luxembourg, my magic acts were awarded prizes in various close-up competitions in France, Belgium and Latvia\" \/>\n<meta property=\"og:url\" content=\"https:\/\/sylvainjuzan.lu\/en\/awards\/\" \/>\n<meta property=\"og:site_name\" content=\"Sylvain Juzan\" \/>\n<meta property=\"article:modified_time\" content=\"2025-12-19T15:52:24+00:00\" \/>\n<meta name=\"twitter:card\" content=\"summary_large_image\" \/>\n<meta name=\"twitter:label1\" content=\"Est. reading time\" \/>\n\t<meta name=\"twitter:data1\" content=\"4 minutes\" \/>\n<script type=\"application\/ld+json\" class=\"yoast-schema-graph\">{\"@context\":\"https:\/\/schema.org\",\"@graph\":[{\"@type\":\"WebPage\",\"@id\":\"https:\/\/sylvainjuzan.lu\/en\/awards\/\",\"url\":\"https:\/\/sylvainjuzan.lu\/en\/awards\/\",\"name\":\"Luxembourg magician Sylvain Juzan wins magic awards worldwide\",\"isPartOf\":{\"@id\":\"https:\/\/sylvainjuzan.lu\/#website\"},\"datePublished\":\"2024-03-13T08:33:38+00:00\",\"dateModified\":\"2025-12-19T15:52:24+00:00\",\"description\":\"Although I work mainly in Luxembourg, my magic acts were awarded prizes in various close-up competitions in France, Belgium and Latvia\",\"breadcrumb\":{\"@id\":\"https:\/\/sylvainjuzan.lu\/en\/awards\/#breadcrumb\"},\"inLanguage\":\"en-US\",\"potentialAction\":[{\"@type\":\"ReadAction\",\"target\":[\"https:\/\/sylvainjuzan.lu\/en\/awards\/\"]}]},{\"@type\":\"BreadcrumbList\",\"@id\":\"https:\/\/sylvainjuzan.lu\/en\/awards\/#breadcrumb\",\"itemListElement\":[{\"@type\":\"ListItem\",\"position\":1,\"name\":\"Home\",\"item\":\"https:\/\/sylvainjuzan.lu\/en\/\"},{\"@type\":\"ListItem\",\"position\":2,\"name\":\"Awards\"}]},{\"@type\":\"WebSite\",\"@id\":\"https:\/\/sylvainjuzan.lu\/#website\",\"url\":\"https:\/\/sylvainjuzan.lu\/\",\"name\":\"Sylvain Juzan\",\"description\":\"\",\"inLanguage\":\"en-US\"}]}<\/script>\n<!-- \/ Yoast SEO plugin. -->","yoast_head_json":{"title":"Luxembourg magician Sylvain Juzan wins magic awards worldwide","description":"Although I work mainly in Luxembourg, my magic acts were awarded prizes in various close-up competitions in France, Belgium and Latvia","robots":{"index":"index","follow":"follow","max-snippet":"max-snippet:-1","max-image-preview":"max-image-preview:large","max-video-preview":"max-video-preview:-1"},"canonical":"https:\/\/sylvainjuzan.lu\/en\/awards\/","og_locale":"en_US","og_type":"article","og_title":"Luxembourg magician Sylvain Juzan wins magic awards worldwide","og_description":"Although I work mainly in Luxembourg, my magic acts were awarded prizes in various close-up competitions in France, Belgium and Latvia","og_url":"https:\/\/sylvainjuzan.lu\/en\/awards\/","og_site_name":"Sylvain Juzan","article_modified_time":"2025-12-19T15:52:24+00:00","twitter_card":"summary_large_image","twitter_misc":{"Est. reading time":"4 minutes"},"schema":{"@context":"https:\/\/schema.org","@graph":[{"@type":"WebPage","@id":"https:\/\/sylvainjuzan.lu\/en\/awards\/","url":"https:\/\/sylvainjuzan.lu\/en\/awards\/","name":"Luxembourg magician Sylvain Juzan wins magic awards worldwide","isPartOf":{"@id":"https:\/\/sylvainjuzan.lu\/#website"},"datePublished":"2024-03-13T08:33:38+00:00","dateModified":"2025-12-19T15:52:24+00:00","description":"Although I work mainly in Luxembourg, my magic acts were awarded prizes in various close-up competitions in France, Belgium and Latvia","breadcrumb":{"@id":"https:\/\/sylvainjuzan.lu\/en\/awards\/#breadcrumb"},"inLanguage":"en-US","potentialAction":[{"@type":"ReadAction","target":["https:\/\/sylvainjuzan.lu\/en\/awards\/"]}]},{"@type":"BreadcrumbList","@id":"https:\/\/sylvainjuzan.lu\/en\/awards\/#breadcrumb","itemListElement":[{"@type":"ListItem","position":1,"name":"Home","item":"https:\/\/sylvainjuzan.lu\/en\/"},{"@type":"ListItem","position":2,"name":"Awards"}]},{"@type":"WebSite","@id":"https:\/\/sylvainjuzan.lu\/#website","url":"https:\/\/sylvainjuzan.lu\/","name":"Sylvain Juzan","description":"","inLanguage":"en-US"}]}},"_links":{"self":[{"href":"https:\/\/sylvainjuzan.lu\/en\/wp-json\/wp\/v2\/pages\/235","targetHints":{"allow":["GET"]}}],"collection":[{"href":"https:\/\/sylvainjuzan.lu\/en\/wp-json\/wp\/v2\/pages"}],"about":[{"href":"https:\/\/sylvainjuzan.lu\/en\/wp-json\/wp\/v2\/types\/page"}],"author":[{"embeddable":true,"href":"https:\/\/sylvainjuzan.lu\/en\/wp-json\/wp\/v2\/users\/1"}],"replies":[{"embeddable":true,"href":"https:\/\/sylvainjuzan.lu\/en\/wp-json\/wp\/v2\/comments?post=235"}],"version-history":[{"count":6,"href":"https:\/\/sylvainjuzan.lu\/en\/wp-json\/wp\/v2\/pages\/235\/revisions"}],"predecessor-version":[{"id":1308,"href":"https:\/\/sylvainjuzan.lu\/en\/wp-json\/wp\/v2\/pages\/235\/revisions\/1308"}],"wp:attachment":[{"href":"https:\/\/sylvainjuzan.lu\/en\/wp-json\/wp\/v2\/media?parent=235"}],"curies":[{"name":"wp","href":"https:\/\/api.w.org\/{rel}","templated":true}]}}