{"id":213,"date":"2024-03-12T11:51:28","date_gmt":"2024-03-12T10:51:28","guid":{"rendered":"https:\/\/sylvainjuzan.lu\/references\/"},"modified":"2024-03-13T11:49:31","modified_gmt":"2024-03-13T10:49:31","slug":"references","status":"publish","type":"page","link":"https:\/\/sylvainjuzan.lu\/en\/references\/","title":{"rendered":"References"},"content":{"rendered":"<div class=\"wpb-content-wrapper\"><p>[vc_section full_width=&#8221;stretch_row&#8221; el_id=&#8221;intro-heading-title&#8221; css=&#8221;.vc_custom_1710234816852{background-color: #f8f8f8 !important;}&#8221;][vc_row][vc_column][vc_column_text]<\/p>\n<h1 class=\"al-center upper black\">Companies who hired magician Sylvain Juzan<\/h1>\n<hr class=\"sub-hr colored\" \/>\n<p>[\/vc_column_text][\/vc_column][\/vc_row][\/vc_section][vc_section][vc_row][vc_column width=&#8221;1\/2&#8243;][vc_column_text]<strong class=\"colored\">A.D.A.<\/strong> &#8211; Seminar,<br \/>\n<strong class=\"colored\">Adepa Asset Management<\/strong> &#8211; Dinner,<br \/>\n<strong class=\"colored\">Adneom<\/strong> &#8211; Cocktail,<br \/>\n<strong class=\"colored\">Adva Optical Networking<\/strong> &#8211; Dinner,<br \/>\n<strong class=\"colored\">A.I.O. Technologies<\/strong> &#8211; Dinner,<br \/>\n<strong class=\"colored\">A.L.D. Automotive<\/strong> &#8211; Customers day,<br \/>\n<strong class=\"colored\">Allotools<\/strong> &#8211; Corporate party,<br \/>\n<strong class=\"colored\">Alvisse<\/strong> &#8211; Xmas celebrations,<br \/>\n<strong class=\"colored\">Alysea<\/strong> &#8211; Summer party,<br \/>\n<strong class=\"colored\">Amaris<\/strong> &#8211; Team dinner,<br \/>\n<strong class=\"colored\">Arcelor Mittal<\/strong> &#8211; Customers day,<br \/>\n<strong class=\"colored\">Arelis<\/strong> &#8211; Annual party,[\/vc_column_text][\/vc_column][vc_column width=&#8221;1\/2&#8243;][vc_single_image image=&#8221;55&#8243; img_size=&#8221;full&#8221; alignment=&#8221;center&#8221; css=&#8221;.vc_custom_1710239833358{margin-bottom: 0px !important;}&#8221;][\/vc_column][\/vc_row][vc_row][vc_column width=&#8221;1\/2&#8243;][vc_single_image image=&#8221;58&#8243; img_size=&#8221;full&#8221; alignment=&#8221;center&#8221; css=&#8221;.vc_custom_1710240445274{margin-bottom: 0px !important;}&#8221;][\/vc_column][vc_column width=&#8221;1\/2&#8243;][vc_column_text]<strong class=\"colored\">Association Internationale des Anciens Employ\u00e9s des Communaut\u00e9s Europ\u00e9ennes<\/strong> &#8211; Kick Off,<br \/>\n<strong class=\"colored\">Assurance Gras Savoye<\/strong> &#8211; St Nicolas,<br \/>\n<strong class=\"colored\">Atoz<\/strong> &#8211; Party,<br \/>\n<strong class=\"colored\">Bank Of China<\/strong> &#8211; Dinner,<br \/>\n<strong class=\"colored\">Banque B.C.P.<\/strong> &#8211; Dinner,<br \/>\n<strong class=\"colored\">Banque B.N.P. Paribas<\/strong> &#8211; Team dinner,<br \/>\n<strong class=\"colored\">Banque Caceis<\/strong> &#8211; Magic day,<br \/>\n<strong class=\"colored\">Banque C.I.C.<\/strong> &#8211; Lunch,<br \/>\n<strong class=\"colored\">Banque Edmond de Rotschild<\/strong> &#8211; Seminar,<br \/>\n<strong class=\"colored\">Banque Europ\u00e9enne d&#8217;Investissement E.I.B.<\/strong> &#8211; Corporate party,<br \/>\n<strong class=\"colored\">Banque Fortis N.V.<\/strong> &#8211; PrimeFundSolutions party,<br \/>\n<strong class=\"colored\">Banque G\u00e9n\u00e9rale du Luxembourg B.G.L.<\/strong> &#8211; Cocktail,<br \/>\n<strong class=\"colored\">Banque H.S.B.C.<\/strong> &#8211; ALFI Forum,<br \/>\n<strong class=\"colored\">Banque Internationale du Luxembourg B.I.L.<\/strong> &#8211; Magic day,[\/vc_column_text][\/vc_column][\/vc_row][vc_row][vc_column width=&#8221;1\/2&#8243;][vc_column_text]<strong class=\"colored\">Banque I.N.G. Private Capital Management<\/strong> &#8211; Customers evening,<br \/>\n<strong class=\"colored\">Banque Internaxx<\/strong> &#8211; Xmas,<br \/>\n<strong class=\"colored\">Banque K.B.L.<\/strong> &#8211; Magic morning,<br \/>\n<strong class=\"colored\">Banque Leumi<\/strong> &#8211; Mentalism dinner,<br \/>\n<strong class=\"colored\">Banque Lombard Odier<\/strong> &#8211; St Nicolas,<br \/>\n<strong class=\"colored\">Banque Nordea<\/strong> &#8211; Casino night,<br \/>\n<strong class=\"colored\">Banque S.M.B.C. Nikko<\/strong> &#8211; Dinner,<br \/>\n<strong class=\"colored\">Banque Soci\u00e9t\u00e9 G\u00e9n\u00e9rale<\/strong> &#8211; Sogelife party,<br \/>\n<strong class=\"colored\">Banque V.P.<\/strong> &#8211; Swiss party,<br \/>\n<strong class=\"colored\">Berlitz<\/strong> &#8211; 135th anniversary,<br \/>\n<strong class=\"colored\">B.M.W. &#038; Mini Group<\/strong> &#8211; B.E. party,<br \/>\n<strong class=\"colored\">Bonaria &#038; Fils<\/strong> &#8211; 60th anniversary,<br \/>\n<strong class=\"colored\">Brown Brother Harriman<\/strong> &#8211; 25th anniversary,<br \/>\n<strong class=\"colored\">Cafpi<\/strong> &#8211; Customers night,[\/vc_column_text][\/vc_column][vc_column width=&#8221;1\/2&#8243;][vc_single_image image=&#8221;61&#8243; img_size=&#8221;full&#8221; alignment=&#8221;center&#8221; css=&#8221;.vc_custom_1710240536744{margin-bottom: 0px !important;}&#8221;][\/vc_column][\/vc_row][vc_row][vc_column width=&#8221;1\/2&#8243;][vc_single_image image=&#8221;64&#8243; img_size=&#8221;full&#8221; alignment=&#8221;center&#8221; css=&#8221;.vc_custom_1710240655017{margin-bottom: 0px !important;}&#8221;][\/vc_column][vc_column width=&#8221;1\/2&#8243;][vc_column_text]<strong class=\"colored\">Candriam<\/strong> &#8211; Walking dinner,<br \/>\n<strong class=\"colored\">C.A.S.C. E.U.<\/strong> &#8211; 5th anniversary,<br \/>\n<strong class=\"colored\">Casino 2000<\/strong> &#8211; Jackpot night,<br \/>\n<strong class=\"colored\">Champ Cargosystem<\/strong> &#8211; Corporate night,<br \/>\n<strong class=\"colored\">Centre Fran\u00e7ois Baclesse<\/strong> &#8211; Pavillon Madeleine,<br \/>\n<strong class=\"colored\">Cercle House 17<\/strong> &#8211; Luxembourg National Day,<br \/>\n<strong class=\"colored\">CFGS<\/strong> &#8211; Teambuilding,<br \/>\n<strong class=\"colored\">Ch\u00e2teau de Beaufort<\/strong> &#8211; Magic Night at the Castle,<br \/>\n<strong class=\"colored\">Ch\u00e2teau du Pont d&#8217;Oye<\/strong> &#8211; R\u00eave Party,<br \/>\n<strong class=\"colored\">C.H.E.M.<\/strong> &#8211; St Nicolas,<br \/>\n<strong class=\"colored\">Citro\u00ebn<\/strong> &#8211; Auto festival,<br \/>\n<strong class=\"colored\">C.K. Charles Kieffer<\/strong> &#8211; Family Day,<br \/>\n<strong class=\"colored\">Clarion<\/strong> &#8211; 30th anniversary,<br \/>\n<strong class=\"colored\">Clearstream<\/strong> &#8211; Summer party,[\/vc_column_text][\/vc_column][\/vc_row][vc_row][vc_column width=&#8221;1\/2&#8243;][vc_column_text]<strong class=\"colored\">C.M.S. DeBacker<\/strong> &#8211; Official opening,<br \/>\n<strong class=\"colored\">Commune d&#8217;Esch sur S\u00fbre<\/strong> &#8211; Nuit des L\u00e9gendes,<br \/>\n<strong class=\"colored\">Comptoir des Fers et M\u00e9taux<\/strong> &#8211; Dinner,<br \/>\n<strong class=\"colored\">Cour de Justice de l&#8217;Union Europ\u00e9enne<\/strong> &#8211; Party,<br \/>\n<strong class=\"colored\">C.P.I.<\/strong> &#8211; Summer party,<br \/>\n<strong class=\"colored\">Cr\u00e9dit Agricole Life Insurance<\/strong> &#8211; Cocktail,<br \/>\n<strong class=\"colored\">C.T.G.<\/strong> &#8211; 5th anniversary,<br \/>\n<strong class=\"colored\">Cushman &#038; Wakefield<\/strong> &#8211; Walking dinner,<br \/>\n<strong class=\"colored\">Dartalis<\/strong> &#8211; 10th anniversary,<br \/>\n<strong class=\"colored\">Deloitte<\/strong> &#8211; Corporate party,<br \/>\n<strong class=\"colored\">Dennemeyer<\/strong> &#8211; Corporate party,[\/vc_column_text][\/vc_column][vc_column width=&#8221;1\/2&#8243;][vc_single_image image=&#8221;66&#8243; img_size=&#8221;full&#8221; alignment=&#8221;center&#8221; css=&#8221;.vc_custom_1710241150712{margin-bottom: 0px !important;}&#8221;][\/vc_column][\/vc_row][vc_row][vc_column width=&#8221;1\/2&#8243;][vc_single_image image=&#8221;68&#8243; img_size=&#8221;full&#8221; alignment=&#8221;center&#8221; css=&#8221;.vc_custom_1710241223302{margin-bottom: 0px !important;}&#8221;][\/vc_column][vc_column width=&#8221;1\/2&#8243;][vc_column_text]<strong class=\"colored\">Dentons<\/strong> &#8211; Dinner,<br \/>\n<strong class=\"colored\">D.M.S.<\/strong> &#8211; Xmas party,<br \/>\n<strong class=\"colored\">E.B.C.<\/strong> &#8211; Closing ceremony,<br \/>\n<strong class=\"colored\">Econocom Osiatis<\/strong> &#8211; Kick off,<br \/>\n<strong class=\"colored\">E.D.F.<\/strong> &#8211; Dinner,<br \/>\n<strong class=\"colored\">Editus<\/strong> &#8211; Dinner,<br \/>\n<strong class=\"colored\">Electro Security<\/strong> &#8211; St Nicolas,<br \/>\n<strong class=\"colored\">Elco<\/strong> &#8211; Corporate night,<br \/>\n<strong class=\"colored\">Embassy of Switzerland in Luxembourg<\/strong> &#8211; Staff dinner,<br \/>\n<strong class=\"colored\">E.M.C.\u00b2<\/strong> &#8211; Corporate dinner,<br \/>\n<strong class=\"colored\">Empcorp<\/strong> &#8211; Dinner,<br \/>\n<strong class=\"colored\">EQOS<\/strong> &#8211; Cruise,<br \/>\n<strong class=\"colored\">Etude Krieger<\/strong> &#8211; 30th anniversary,<br \/>\n<strong class=\"colored\">Eurocontrol<\/strong> &#8211; Dinner,<br \/>\n<strong class=\"colored\">European Fund Agency<\/strong> &#8211; 20&#8217;s party,<br \/>\n<strong class=\"colored\">Farvest<\/strong> &#8211; Gala marketers,<br \/>\n<strong class=\"colored\">Federal Mogul<\/strong> &#8211; Dinner,[\/vc_column_text][\/vc_column][\/vc_row][vc_row][vc_column width=&#8221;1\/2&#8243;][vc_column_text]<strong class=\"colored\">F\u00e9d\u00e9ration Des Artisans<\/strong> &#8211; Dinner<br \/>\n<strong class=\"colored\">Ferrero<\/strong> &#8211; Xmas party,<br \/>\n<strong class=\"colored\">FinSoft<\/strong> &#8211; Summer party,<br \/>\n<strong class=\"colored\">Fond Europ\u00e9en d&#8217;Investissement<\/strong> &#8211; Cocktail,<br \/>\n<strong class=\"colored\">Franklin Templeton Investment<\/strong> &#8211; Cruise,<br \/>\n<strong class=\"colored\">G.D.F. Suez<\/strong> &#8211; Dinner,<br \/>\n<strong class=\"colored\">Gategroup<\/strong> &#8211; Las Vegas theme party,<br \/>\n<strong class=\"colored\">Gemini<\/strong> &#8211; Casual show,<br \/>\n<strong class=\"colored\">Gingko<\/strong> &#8211; Opening night 13\/15,<br \/>\n<strong class=\"colored\">Globality Health<\/strong> &#8211; Dinner,<br \/>\n<strong class=\"colored\">Go4Event<\/strong> &#8211; Cabaret show,<br \/>\n<strong class=\"colored\">Goodman<\/strong> &#8211; Xmas,<br \/>\n<strong class=\"colored\">Goodyear<\/strong> &#8211; Kick off gala,[\/vc_column_text][\/vc_column][vc_column width=&#8221;1\/2&#8243;][vc_single_image image=&#8221;70&#8243; img_size=&#8221;full&#8221; alignment=&#8221;center&#8221; css=&#8221;.vc_custom_1710241300146{margin-bottom: 0px !important;}&#8221;][\/vc_column][\/vc_row][vc_row][vc_column width=&#8221;1\/2&#8243;][vc_single_image image=&#8221;72&#8243; img_size=&#8221;full&#8221; alignment=&#8221;center&#8221; css=&#8221;.vc_custom_1710313517736{margin-bottom: 0px !important;}&#8221;][\/vc_column][vc_column width=&#8221;1\/2&#8243;][vc_column_text]<strong class=\"colored\">Gumption<\/strong> &#8211; Company birthday<br \/>\n<strong class=\"colored\">Grant Thornton<\/strong> &#8211; Party,<br \/>\n<strong class=\"colored\">Groupe Hein<\/strong> &#8211; Party,<br \/>\n<strong class=\"colored\">Groupe Steffen<\/strong> &#8211; Dinner,<br \/>\n<strong class=\"colored\">Gspl<\/strong> &#8211; Cruise,<br \/>\n<strong class=\"colored\">GTA group<\/strong> &#8211; 10th anniversary,<br \/>\n<strong class=\"colored\">Guardian<\/strong> &#8211; Party,<br \/>\n<strong class=\"colored\">Hermes<\/strong> &#8211; Hermes Loriers night,<br \/>\n<strong class=\"colored\">Hogan Lovels LLP<\/strong> &#8211; Fund raising,<br \/>\n<strong class=\"colored\">Husky Injection Molding System<\/strong> &#8211; Dinner,<br \/>\n<strong class=\"colored\">Ikki<\/strong> &#8211; New Year&#8217;s Eve,<br \/>\n<strong class=\"colored\">Immocube<\/strong> &#8211; Opening,<br \/>\n<strong class=\"colored\">Industeam<\/strong> &#8211; Gala,<br \/>\n<strong class=\"colored\">Inter Fund Management<\/strong> &#8211; St Nicolas,[\/vc_column_text][\/vc_column][\/vc_row][vc_row][vc_column width=&#8221;1\/2&#8243;][vc_column_text]<strong class=\"colored\">IQ &#8211; EQ<\/strong> &#8211; Cocktail,<br \/>\n<strong class=\"colored\">Joint Allocation Office J.A.O.<\/strong> &#8211; Corporate party,<br \/>\n<strong class=\"colored\">Janette Magazine<\/strong> &#8211; Jitrois cocktail,<br \/>\n<strong class=\"colored\">Jeune Barreau du Luxembourg<\/strong> &#8211; New Legal Session,<br \/>\n<strong class=\"colored\">John Zink Hamworthy<\/strong> &#8211; Party,<br \/>\n<strong class=\"colored\">J.P.A.<\/strong> &#8211; Dinner,<br \/>\n<strong class=\"colored\">Julius B\u00e4r<\/strong> &#8211; Cocktail,<br \/>\n<strong class=\"colored\">Kabam<\/strong> &#8211; Celebrations,<br \/>\n<strong class=\"colored\">Knauf<\/strong> &#8211; Dinner,<br \/>\n<strong class=\"colored\">Kone<\/strong> &#8211; 100th anniversary,<br \/>\n<strong class=\"colored\">Kriibskrank Kanner Fondatioun<\/strong> &#8211; Summer party,<br \/>\n<strong class=\"colored\">La Conciergerie du Luxembourg<\/strong> &#8211; Opening,<br \/>\n<strong class=\"colored\">L.A.F.H.<\/strong> &#8211; Fund raising,<br \/>\n<strong class=\"colored\">Le Place d&#8217;Armes *****<\/strong> &#8211; New Year&#8217;s Eve,[\/vc_column_text][\/vc_column][vc_column width=&#8221;1\/2&#8243;][vc_single_image image=&#8221;74&#8243; img_size=&#8221;full&#8221; alignment=&#8221;center&#8221; css=&#8221;.vc_custom_1710313591827{margin-bottom: 0px !important;}&#8221;][\/vc_column][\/vc_row][vc_row][vc_column width=&#8221;1\/2&#8243;][vc_single_image image=&#8221;76&#8243; img_size=&#8221;full&#8221; alignment=&#8221;center&#8221; css=&#8221;.vc_custom_1710313661605{margin-bottom: 0px !important;}&#8221;][\/vc_column][vc_column width=&#8221;1\/2&#8243;][vc_column_text]<strong class=\"colored\">Le Royal *****<\/strong> &#8211; Close up night,<br \/>\n<strong class=\"colored\">Les Bigboss<\/strong> &#8211; Gala,<br \/>\n<strong class=\"colored\">Lindab Buildings<\/strong> &#8211; Dinner,<br \/>\n<strong class=\"colored\">Linklaters<\/strong> &#8211; Family day,<br \/>\n<strong class=\"colored\">Logdirect<\/strong> &#8211; Corporate party,<br \/>\n<strong class=\"colored\">Louis Vuitton<\/strong> &#8211; Cocktail party,<br \/>\n<strong class=\"colored\">Loyens &#038; Loeff<\/strong> &#8211; Party,<br \/>\n<strong class=\"colored\">Luxbrands<\/strong> &#8211; Forum,<br \/>\n<strong class=\"colored\">Luxconnect<\/strong> &#8211; 10th anniversary,<br \/>\n<strong class=\"colored\">Luxembourg Blockchain Lab<\/strong> &#8211; Blockchain week,<br \/>\n<strong class=\"colored\">Luxempart<\/strong> &#8211; Dinner,<br \/>\n<strong class=\"colored\">Lux T.P.<\/strong> &#8211; Dinner,<br \/>\n<strong class=\"colored\">Lyon Business School<\/strong> &#8211; Gala,[\/vc_column_text][\/vc_column][\/vc_row][vc_row][vc_column width=&#8221;1\/2&#8243;][vc_column_text]<strong class=\"colored\">Maples<\/strong> &#8211; Annual dinner,<br \/>\n<strong class=\"colored\">Masco Europe<\/strong> &#8211; Dinner,<br \/>\n<strong class=\"colored\">M.D.O. Services<\/strong> &#8211; Dinner,<br \/>\n<strong class=\"colored\">Minist\u00e8re de l&#8217;Education<\/strong> &#8211; Institut National des Langues,<br \/>\n<strong class=\"colored\">Multifonds<\/strong> &#8211; St Nicolas,<br \/>\n<strong class=\"colored\">Nextgen Clearing<\/strong> &#8211; International cocktail,<br \/>\n<strong class=\"colored\">Nexon Europe<\/strong> &#8211; Cocktail,<br \/>\n<strong class=\"colored\">Nizi International<\/strong> &#8211; St Nicolas,<br \/>\n<strong class=\"colored\">Orange<\/strong> &#8211; Tradeshow,<br \/>\n<strong class=\"colored\">Ordre de la Croix de Malte<\/strong> &#8211; St Nicolas,<br \/>\n<strong class=\"colored\">Paris les Bains<\/strong> &#8211; Dinner,<br \/>\n<strong class=\"colored\">Peugeot<\/strong> &#8211; Customers night,<br \/>\n<strong class=\"colored\">Pfeifer Sogequip<\/strong> &#8211; Customers day,[\/vc_column_text][\/vc_column][vc_column width=&#8221;1\/2&#8243;][vc_single_image image=&#8221;78&#8243; img_size=&#8221;full&#8221; alignment=&#8221;center&#8221; css=&#8221;.vc_custom_1710313726977{margin-bottom: 0px !important;}&#8221;][\/vc_column][\/vc_row][vc_row][vc_column width=&#8221;1\/2&#8243;][vc_single_image image=&#8221;80&#8243; img_size=&#8221;full&#8221; alignment=&#8221;center&#8221; css=&#8221;.vc_custom_1710313840520{margin-bottom: 0px !important;}&#8221;][\/vc_column][vc_column width=&#8221;1\/2&#8243;][vc_column_text]<strong class=\"colored\">Planet Saturn<\/strong> &#8211; Party,<br \/>\n<strong class=\"colored\">Police Grand Ducale<\/strong> &#8211; Party,<br \/>\n<strong class=\"colored\">Post<\/strong> &#8211; Golden I Gala,<br \/>\n<strong class=\"colored\">PriceWaterhouseCoopers<\/strong> &#8211; Partners Directors Managers cruise,<br \/>\n<strong class=\"colored\">Private Business Center<\/strong> &#8211; Cocktail,<br \/>\n<strong class=\"colored\">Q8<\/strong> &#8211; Summer party,<br \/>\n<strong class=\"colored\">Quantum<\/strong> &#8211; Casual,<br \/>\n<strong class=\"colored\">Quick<\/strong> &#8211; Dinner,<br \/>\n<strong class=\"colored\">Randstad<\/strong> &#8211; Kick off,<br \/>\n<strong class=\"colored\">Renault<\/strong> &#8211; Dinner,<br \/>\n<strong class=\"colored\">Richet<\/strong> &#8211; Lunch,<br \/>\n<strong class=\"colored\">Robin PL<\/strong> &#8211; Open Days,<br \/>\n<strong class=\"colored\">Rotary Club<\/strong> &#8211; Dinner,<br \/>\n<strong class=\"colored\">R.T.L.<\/strong> &#8211; T\u00e9l\u00e9vie,[\/vc_column_text][\/vc_column][\/vc_row][vc_row][vc_column width=&#8221;1\/2&#8243;][vc_column_text]<strong class=\"colored\">S.A.P.<\/strong> &#8211; Dinner,<br \/>\n<strong class=\"colored\">S.A.M. Steel<\/strong> &#8211; Summer party,<br \/>\n<strong class=\"colored\">Scania<\/strong> &#8211; Party,<br \/>\n<strong class=\"colored\">Schroder Investment Management<\/strong> &#8211; Summer night,<br \/>\n<strong class=\"colored\">Senior Hotel<\/strong> &#8211; Sommerfest,<br \/>\n<strong class=\"colored\">Seven Casino<\/strong> &#8211; New Year&#8217;s Eve,<br \/>\n<strong class=\"colored\">S.G.G.<\/strong> &#8211; Kick off,<br \/>\n<strong class=\"colored\">Skype<\/strong> &#8211; Dinner,<br \/>\n<strong class=\"colored\">S.N.C.T.<\/strong> &#8211; Family day,<br \/>\n<strong class=\"colored\">StepStone<\/strong> &#8211; Jobs.lu 10th anniversary,<br \/>\n<strong class=\"colored\">Swiss Re<\/strong> &#8211; 150th anniversary,<br \/>\n<strong class=\"colored\">Swissquote<\/strong> &#8211; Dinner,<br \/>\n<strong class=\"colored\">Systemat<\/strong> &#8211; I.C.T. Spring,<br \/>\n<strong class=\"colored\">Tacotac<\/strong> &#8211; 20th anniversary,<br \/>\n<strong class=\"colored\">Talk Finance<\/strong> &#8211; 10th anniversary,<br \/>\n<strong class=\"colored\">Talk Walker<\/strong> &#8211; Summer party,<br \/>\n<strong class=\"colored\">Tarkett<\/strong> &#8211; Dinner,<br \/>\n<strong class=\"colored\">T\u00e9l\u00e9phonie<\/strong> &#8211; Xmas,<br \/>\n<strong class=\"colored\">Textilcord<\/strong> &#8211; Dinner,[\/vc_column_text][\/vc_column][vc_column width=&#8221;1\/2&#8243;][vc_column_text]<strong class=\"colored\">The Car&#8217;tell<\/strong> &#8211; VIP nights,<br \/>\n<strong class=\"colored\">Topsquash<\/strong> &#8211; International Masters,<br \/>\n<strong class=\"colored\">Total<\/strong> &#8211; 80 years of Total Luxembourg,<br \/>\n<strong class=\"colored\">Tracol<\/strong> &#8211; Family day,<br \/>\n<strong class=\"colored\">Tralux<\/strong> &#8211; Dinner,<br \/>\n<strong class=\"colored\">Trident Trust<\/strong> &#8211; Cocktail,<br \/>\n<strong class=\"colored\">Triton Investment Management<\/strong> &#8211; Dinner,<br \/>\n<strong class=\"colored\">Um\u00e9a<\/strong> &#8211; Corporate party,<br \/>\n<strong class=\"colored\">Union Bancaire Priv\u00e9e<\/strong> &#8211; Cercle Munster,<br \/>\n<strong class=\"colored\">Universit\u00e9 du Luxembourg<\/strong> &#8211; Gala,<br \/>\n<strong class=\"colored\">Utopolis<\/strong> &#8211; Ladies Night,<br \/>\n<strong class=\"colored\">Van Aerden Group<\/strong> &#8211; Dinner,<br \/>\n<strong class=\"colored\">Viking S.A.<\/strong> &#8211; Dinner,<br \/>\n<strong class=\"colored\">Ville de Dudelange<\/strong> &#8211; Mobility week,<br \/>\n<strong class=\"colored\">V.O.Consulting<\/strong> &#8211; V.O.\/Fidupar,<br \/>\n<strong class=\"colored\">Volvo<\/strong> &#8211; Launch,<br \/>\n<strong class=\"colored\">Voyages S.N.C.F.<\/strong> &#8211; Customers night,<br \/>\n<strong class=\"colored\">&#8230;<\/strong>[\/vc_column_text][\/vc_column][\/vc_row][\/vc_section]<\/p>\n<\/div>","protected":false},"excerpt":{"rendered":"<p>[vc_section full_width=&#8221;stretch_row&#8221; el_id=&#8221;intro-heading-title&#8221; css=&#8221;.vc_custom_1710234816852{background-color: #f8f8f8 !important;}&#8221;][vc_row][vc_column][vc_column_text] Companies who hired magician Sylvain Juzan [\/vc_column_text][\/vc_column][\/vc_row][\/vc_section][vc_section][vc_row][vc_column width=&#8221;1\/2&#8243;][vc_column_text]A.D.A. &#8211; Seminar, Adepa Asset Management &#8211; Dinner, Adneom &#8211; Cocktail, Adva Optical<span class=\"excerpt-hellip\"> [\u2026]<\/span><\/p>\n","protected":false},"author":1,"featured_media":0,"parent":0,"menu_order":0,"comment_status":"closed","ping_status":"closed","template":"","meta":{"footnotes":""},"class_list":["post-213","page","type-page","status-publish","hentry"],"yoast_head":"<!-- This site is optimized with the Yoast SEO plugin v22.2 - https:\/\/yoast.com\/wordpress\/plugins\/seo\/ -->\n<title>Companies who hired magician Sylvain Juzan<\/title>\n<meta name=\"description\" content=\"BNP Paribas, Soci\u00e9t\u00e9 G\u00e9n\u00e9rale, Banque Europ\u00e9enne, Citro\u00ebn, Deloitte, PWC, EDF, Fond Europ\u00e9en d&#039;Investissement, Hermes, Orange, RTL, Rotary Club, Banque HSBC ...\" \/>\n<meta name=\"robots\" content=\"index, follow, max-snippet:-1, max-image-preview:large, max-video-preview:-1\" \/>\n<link rel=\"canonical\" href=\"https:\/\/sylvainjuzan.lu\/references\/\" \/>\n<meta property=\"og:locale\" content=\"en_US\" \/>\n<meta property=\"og:type\" content=\"article\" \/>\n<meta property=\"og:title\" content=\"Companies who hired magician Sylvain Juzan\" \/>\n<meta property=\"og:description\" content=\"BNP Paribas, Soci\u00e9t\u00e9 G\u00e9n\u00e9rale, Banque Europ\u00e9enne, Citro\u00ebn, Deloitte, PWC, EDF, Fond Europ\u00e9en d&#039;Investissement, Hermes, Orange, RTL, Rotary Club, Banque HSBC ...\" \/>\n<meta property=\"og:url\" content=\"https:\/\/sylvainjuzan.lu\/references\/\" \/>\n<meta property=\"og:site_name\" content=\"Sylvain Juzan\" \/>\n<meta property=\"article:modified_time\" content=\"2024-03-13T10:49:31+00:00\" \/>\n<meta name=\"twitter:card\" content=\"summary_large_image\" \/>\n<meta name=\"twitter:label1\" content=\"Est. reading time\" \/>\n\t<meta name=\"twitter:data1\" content=\"4 minutes\" \/>\n<script type=\"application\/ld+json\" class=\"yoast-schema-graph\">{\"@context\":\"https:\/\/schema.org\",\"@graph\":[{\"@type\":\"WebPage\",\"@id\":\"https:\/\/sylvainjuzan.lu\/references\/\",\"url\":\"https:\/\/sylvainjuzan.lu\/references\/\",\"name\":\"Companies who hired magician Sylvain Juzan\",\"isPartOf\":{\"@id\":\"https:\/\/sylvainjuzan.lu\/#website\"},\"datePublished\":\"2024-03-12T10:51:28+00:00\",\"dateModified\":\"2024-03-13T10:49:31+00:00\",\"description\":\"BNP Paribas, Soci\u00e9t\u00e9 G\u00e9n\u00e9rale, Banque Europ\u00e9enne, Citro\u00ebn, Deloitte, PWC, EDF, Fond Europ\u00e9en d'Investissement, Hermes, Orange, RTL, Rotary Club, Banque HSBC ...\",\"breadcrumb\":{\"@id\":\"https:\/\/sylvainjuzan.lu\/references\/#breadcrumb\"},\"inLanguage\":\"en-US\",\"potentialAction\":[{\"@type\":\"ReadAction\",\"target\":[\"https:\/\/sylvainjuzan.lu\/references\/\"]}]},{\"@type\":\"BreadcrumbList\",\"@id\":\"https:\/\/sylvainjuzan.lu\/references\/#breadcrumb\",\"itemListElement\":[{\"@type\":\"ListItem\",\"position\":1,\"name\":\"Home\",\"item\":\"https:\/\/sylvainjuzan.lu\/en\/\"},{\"@type\":\"ListItem\",\"position\":2,\"name\":\"References\"}]},{\"@type\":\"WebSite\",\"@id\":\"https:\/\/sylvainjuzan.lu\/#website\",\"url\":\"https:\/\/sylvainjuzan.lu\/\",\"name\":\"Sylvain Juzan\",\"description\":\"\",\"inLanguage\":\"en-US\"}]}<\/script>\n<!-- \/ Yoast SEO plugin. -->","yoast_head_json":{"title":"Companies who hired magician Sylvain Juzan","description":"BNP Paribas, Soci\u00e9t\u00e9 G\u00e9n\u00e9rale, Banque Europ\u00e9enne, Citro\u00ebn, Deloitte, PWC, EDF, Fond Europ\u00e9en d'Investissement, Hermes, Orange, RTL, Rotary Club, Banque HSBC ...","robots":{"index":"index","follow":"follow","max-snippet":"max-snippet:-1","max-image-preview":"max-image-preview:large","max-video-preview":"max-video-preview:-1"},"canonical":"https:\/\/sylvainjuzan.lu\/references\/","og_locale":"en_US","og_type":"article","og_title":"Companies who hired magician Sylvain Juzan","og_description":"BNP Paribas, Soci\u00e9t\u00e9 G\u00e9n\u00e9rale, Banque Europ\u00e9enne, Citro\u00ebn, Deloitte, PWC, EDF, Fond Europ\u00e9en d'Investissement, Hermes, Orange, RTL, Rotary Club, Banque HSBC ...","og_url":"https:\/\/sylvainjuzan.lu\/references\/","og_site_name":"Sylvain Juzan","article_modified_time":"2024-03-13T10:49:31+00:00","twitter_card":"summary_large_image","twitter_misc":{"Est. reading time":"4 minutes"},"schema":{"@context":"https:\/\/schema.org","@graph":[{"@type":"WebPage","@id":"https:\/\/sylvainjuzan.lu\/references\/","url":"https:\/\/sylvainjuzan.lu\/references\/","name":"Companies who hired magician Sylvain Juzan","isPartOf":{"@id":"https:\/\/sylvainjuzan.lu\/#website"},"datePublished":"2024-03-12T10:51:28+00:00","dateModified":"2024-03-13T10:49:31+00:00","description":"BNP Paribas, Soci\u00e9t\u00e9 G\u00e9n\u00e9rale, Banque Europ\u00e9enne, Citro\u00ebn, Deloitte, PWC, EDF, Fond Europ\u00e9en d'Investissement, Hermes, Orange, RTL, Rotary Club, Banque HSBC ...","breadcrumb":{"@id":"https:\/\/sylvainjuzan.lu\/references\/#breadcrumb"},"inLanguage":"en-US","potentialAction":[{"@type":"ReadAction","target":["https:\/\/sylvainjuzan.lu\/references\/"]}]},{"@type":"BreadcrumbList","@id":"https:\/\/sylvainjuzan.lu\/references\/#breadcrumb","itemListElement":[{"@type":"ListItem","position":1,"name":"Home","item":"https:\/\/sylvainjuzan.lu\/en\/"},{"@type":"ListItem","position":2,"name":"References"}]},{"@type":"WebSite","@id":"https:\/\/sylvainjuzan.lu\/#website","url":"https:\/\/sylvainjuzan.lu\/","name":"Sylvain Juzan","description":"","inLanguage":"en-US"}]}},"_links":{"self":[{"href":"https:\/\/sylvainjuzan.lu\/en\/wp-json\/wp\/v2\/pages\/213","targetHints":{"allow":["GET"]}}],"collection":[{"href":"https:\/\/sylvainjuzan.lu\/en\/wp-json\/wp\/v2\/pages"}],"about":[{"href":"https:\/\/sylvainjuzan.lu\/en\/wp-json\/wp\/v2\/types\/page"}],"author":[{"embeddable":true,"href":"https:\/\/sylvainjuzan.lu\/en\/wp-json\/wp\/v2\/users\/1"}],"replies":[{"embeddable":true,"href":"https:\/\/sylvainjuzan.lu\/en\/wp-json\/wp\/v2\/comments?post=213"}],"version-history":[{"count":4,"href":"https:\/\/sylvainjuzan.lu\/en\/wp-json\/wp\/v2\/pages\/213\/revisions"}],"predecessor-version":[{"id":218,"href":"https:\/\/sylvainjuzan.lu\/en\/wp-json\/wp\/v2\/pages\/213\/revisions\/218"}],"wp:attachment":[{"href":"https:\/\/sylvainjuzan.lu\/en\/wp-json\/wp\/v2\/media?parent=213"}],"curies":[{"name":"wp","href":"https:\/\/api.w.org\/{rel}","templated":true}]}}